{"id":1405,"date":"2023-03-29T22:43:23","date_gmt":"2023-03-29T14:43:23","guid":{"rendered":"http:\/\/test.qnqb5.cn\/?page_id=1405"},"modified":"2023-05-23T17:26:19","modified_gmt":"2023-05-23T09:26:19","slug":"technology-display","status":"publish","type":"page","link":"https:\/\/b2bbeautyequipment.com\/es\/technology-display\/","title":{"rendered":"Pantalla tecnol\u00f3gica"},"content":{"rendered":"<div data-elementor-type=\"wp-page\" data-elementor-id=\"1405\" class=\"elementor elementor-1405\">\n\t\t\t\t\t\t<section class=\"elementor-section elementor-top-section elementor-element elementor-element-3b2b0429 elementor-section-full_width elementor-section-height-default elementor-section-height-default\" data-id=\"3b2b0429\" data-element_type=\"section\" data-settings=\"{&quot;background_background&quot;:&quot;classic&quot;}\">\n\t\t\t\t\t\t\t<div class=\"elementor-background-overlay\"><\/div>\n\t\t\t\t\t\t\t<div class=\"elementor-container elementor-column-gap-default\">\n\t\t\t\t\t<div class=\"elementor-column elementor-col-100 elementor-top-column elementor-element elementor-element-f18952b\" data-id=\"f18952b\" data-element_type=\"column\">\n\t\t\t<div class=\"elementor-widget-wrap elementor-element-populated\">\n\t\t\t\t\t\t<div class=\"elementor-element elementor-element-47ecafd6 elementor-widget elementor-widget-image\" data-id=\"47ecafd6\" data-element_type=\"widget\" data-widget_type=\"image.default\">\n\t\t\t\t<div class=\"elementor-widget-container\">\n\t\t\t\t\t\t\t\t\t\t\t\t\t\t\t<img fetchpriority=\"high\" decoding=\"async\" width=\"1980\" height=\"400\" src=\"https:\/\/b2bbeautyequipment.com\/wp-content\/uploads\/2023\/05\/\u5fae\u4fe1\u56fe\u7247_20230523171737.jpg\" class=\"attachment-full size-full wp-image-2485\" alt=\"\" srcset=\"https:\/\/b2bbeautyequipment.com\/wp-content\/uploads\/2023\/05\/\u5fae\u4fe1\u56fe\u7247_20230523171737.jpg 1980w, https:\/\/b2bbeautyequipment.com\/wp-content\/uploads\/2023\/05\/\u5fae\u4fe1\u56fe\u7247_20230523171737-300x61.jpg 300w, https:\/\/b2bbeautyequipment.com\/wp-content\/uploads\/2023\/05\/\u5fae\u4fe1\u56fe\u7247_20230523171737-1024x207.jpg 1024w, https:\/\/b2bbeautyequipment.com\/wp-content\/uploads\/2023\/05\/\u5fae\u4fe1\u56fe\u7247_20230523171737-150x30.jpg 150w, https:\/\/b2bbeautyequipment.com\/wp-content\/uploads\/2023\/05\/\u5fae\u4fe1\u56fe\u7247_20230523171737-768x155.jpg 768w, https:\/\/b2bbeautyequipment.com\/wp-content\/uploads\/2023\/05\/\u5fae\u4fe1\u56fe\u7247_20230523171737-1536x310.jpg 1536w, https:\/\/b2bbeautyequipment.com\/wp-content\/uploads\/2023\/05\/\u5fae\u4fe1\u56fe\u7247_20230523171737-18x4.jpg 18w\" sizes=\"(max-width: 1980px) 100vw, 1980px\" \/>\t\t\t\t\t\t\t\t\t\t\t\t\t\t\t<\/div>\n\t\t\t\t<\/div>\n\t\t\t\t\t<\/div>\n\t\t<\/div>\n\t\t\t\t\t<\/div>\n\t\t<\/section>\n\t\t\t\t<section class=\"elementor-section elementor-top-section elementor-element elementor-element-35a6dfa8 elementor-section-height-min-height elementor-section-content-middle elementor-section-boxed elementor-section-height-default elementor-section-items-middle\" data-id=\"35a6dfa8\" data-element_type=\"section\" data-settings=\"{&quot;background_background&quot;:&quot;classic&quot;}\">\n\t\t\t\t\t\t\t<div class=\"elementor-background-overlay\"><\/div>\n\t\t\t\t\t\t\t<div class=\"elementor-container elementor-column-gap-default\">\n\t\t\t\t\t<div class=\"elementor-column elementor-col-100 elementor-top-column elementor-element elementor-element-30f07817\" data-id=\"30f07817\" data-element_type=\"column\">\n\t\t\t<div class=\"elementor-widget-wrap elementor-element-populated\">\n\t\t\t\t\t\t<div class=\"elementor-element elementor-element-0cd3556 elementor-grid-4 elementor-grid-tablet-2 elementor-grid-mobile-1 elementor-posts--thumbnail-top elementor-posts--show-avatar elementor-card-shadow-yes elementor-posts__hover-gradient elementor-widget elementor-widget-posts\" data-id=\"0cd3556\" data-element_type=\"widget\" data-settings=\"{&quot;cards_columns&quot;:&quot;4&quot;,&quot;cards_columns_tablet&quot;:&quot;2&quot;,&quot;cards_columns_mobile&quot;:&quot;1&quot;,&quot;cards_row_gap&quot;:{&quot;unit&quot;:&quot;px&quot;,&quot;size&quot;:35,&quot;sizes&quot;:[]},&quot;cards_row_gap_tablet&quot;:{&quot;unit&quot;:&quot;px&quot;,&quot;size&quot;:&quot;&quot;,&quot;sizes&quot;:[]},&quot;cards_row_gap_mobile&quot;:{&quot;unit&quot;:&quot;px&quot;,&quot;size&quot;:&quot;&quot;,&quot;sizes&quot;:[]}}\" data-widget_type=\"posts.cards\">\n\t\t\t\t<div class=\"elementor-widget-container\">\n\t\t\t\t\t\t\t<div class=\"elementor-posts-container elementor-posts elementor-posts--skin-cards elementor-grid\">\n\t\t\t\t<article class=\"elementor-post elementor-grid-item post-2255 post type-post status-publish format-standard has-post-thumbnail hentry category-diode-laser-applicator-personalized-service\">\n\t\t\t<div class=\"elementor-post__card\">\n\t\t\t\t<a class=\"elementor-post__thumbnail__link\" href=\"https:\/\/b2bbeautyequipment.com\/es\/2255\/\" ><div class=\"elementor-post__thumbnail\"><img decoding=\"async\" width=\"300\" height=\"300\" src=\"https:\/\/b2bbeautyequipment.com\/wp-content\/uploads\/2023\/05\/spare-parts-1-300x300.png\" class=\"attachment-medium size-medium wp-image-2435\" alt=\"\" srcset=\"https:\/\/b2bbeautyequipment.com\/wp-content\/uploads\/2023\/05\/spare-parts-1-300x300.png 300w, https:\/\/b2bbeautyequipment.com\/wp-content\/uploads\/2023\/05\/spare-parts-1-150x150.png 150w, https:\/\/b2bbeautyequipment.com\/wp-content\/uploads\/2023\/05\/spare-parts-1-12x12.png 12w, https:\/\/b2bbeautyequipment.com\/wp-content\/uploads\/2023\/05\/spare-parts-1.png 750w\" sizes=\"(max-width: 300px) 100vw, 300px\" \/><\/div><\/a>\n\t\t\t\t<div class=\"elementor-post__badge\">Aplicador l\u00e1ser de diodo Servicio personalizado<\/div>\n\t\t\t\t<div class=\"elementor-post__avatar\">\n\t\t\t\t\t<\/div>\n\t\t\t\t<div class=\"elementor-post__text\">\n\t\t\t\t<h3 class=\"elementor-post__title\">\n\t\t\t<a href=\"https:\/\/b2bbeautyequipment.com\/es\/2255\/\" >\n\t\t\t\tKits de piezas completas Piezas de l\u00e1ser de diodo y gu\u00eda tecnol\u00f3gica de montaje\t\t\t<\/a>\n\t\t<\/h3>\n\t\t\t\t<div class=\"elementor-post__excerpt\">\n\t\t\t<p>1. 1. L\u00e1ser de diodo de 808 nm, piezas de repuesto completas y gu\u00eda tecnol\u00f3gica de montaje. Puede personalizar las piezas de mano, el aspecto exterior, las principales interfaces de pantalla, e incluso extra<\/p>\n\t\t<\/div>\n\t\t\n\t\t<a class=\"elementor-post__read-more\" href=\"https:\/\/b2bbeautyequipment.com\/es\/2255\/\" >\n\t\t\tm\u00e1s \"\t\t<\/a>\n\n\t\t\t\t<\/div>\n\t\t\t\t<div class=\"elementor-post__meta-data\">\n\t\t\t\t\t<span class=\"elementor-post-date\">\n\t\t\t2023-05-22\t\t<\/span>\n\t\t\t\t<span class=\"elementor-post-avatar\">\n\t\t\tNo Comments\t\t<\/span>\n\t\t\t\t<\/div>\n\t\t\t\t\t<\/div>\n\t\t<\/article>\n\t\t\t\t<article class=\"elementor-post elementor-grid-item post-2320 post type-post status-publish format-standard has-post-thumbnail hentry category-blog category-diode-laser-machine\">\n\t\t\t<div class=\"elementor-post__card\">\n\t\t\t\t<a class=\"elementor-post__thumbnail__link\" href=\"https:\/\/b2bbeautyequipment.com\/es\/2320\/\" ><div class=\"elementor-post__thumbnail\"><img decoding=\"async\" width=\"300\" height=\"300\" src=\"https:\/\/b2bbeautyequipment.com\/wp-content\/uploads\/2023\/05\/d4-2-300x300.jpg\" class=\"attachment-medium size-medium wp-image-2393\" alt=\"\" srcset=\"https:\/\/b2bbeautyequipment.com\/wp-content\/uploads\/2023\/05\/d4-2-300x300.jpg 300w, https:\/\/b2bbeautyequipment.com\/wp-content\/uploads\/2023\/05\/d4-2-150x150.jpg 150w, https:\/\/b2bbeautyequipment.com\/wp-content\/uploads\/2023\/05\/d4-2-768x768.jpg 768w, https:\/\/b2bbeautyequipment.com\/wp-content\/uploads\/2023\/05\/d4-2-12x12.jpg 12w, https:\/\/b2bbeautyequipment.com\/wp-content\/uploads\/2023\/05\/d4-2.jpg 800w\" sizes=\"(max-width: 300px) 100vw, 300px\" \/><\/div><\/a>\n\t\t\t\t<div class=\"elementor-post__badge\">blog<\/div>\n\t\t\t\t<div class=\"elementor-post__avatar\">\n\t\t\t\t\t<\/div>\n\t\t\t\t<div class=\"elementor-post__text\">\n\t\t\t\t<h3 class=\"elementor-post__title\">\n\t\t\t<a href=\"https:\/\/b2bbeautyequipment.com\/es\/2320\/\" >\n\t\t\t\tSeasunlaser Professional 808 depiladora l\u00e1ser de diodo Vertical Style\t\t\t<\/a>\n\t\t<\/h3>\n\t\t\t\t<div class=\"elementor-post__excerpt\">\n\t\t\t<p>Tenemos varios estilos verticales para su elecci\u00f3n, ahora por favor vea nuestro modelo cl\u00e1sico y m\u00e1s vendido a continuaci\u00f3n: Este 808nm diodo l\u00e1ser profesional de depilaci\u00f3n de belleza<\/p>\n\t\t<\/div>\n\t\t\n\t\t<a class=\"elementor-post__read-more\" href=\"https:\/\/b2bbeautyequipment.com\/es\/2320\/\" >\n\t\t\tm\u00e1s \"\t\t<\/a>\n\n\t\t\t\t<\/div>\n\t\t\t\t<div class=\"elementor-post__meta-data\">\n\t\t\t\t\t<span class=\"elementor-post-date\">\n\t\t\t2023-05-11\t\t<\/span>\n\t\t\t\t<span class=\"elementor-post-avatar\">\n\t\t\tNo Comments\t\t<\/span>\n\t\t\t\t<\/div>\n\t\t\t\t\t<\/div>\n\t\t<\/article>\n\t\t\t\t<article class=\"elementor-post elementor-grid-item post-2330 post type-post status-publish format-standard has-post-thumbnail hentry category-alma-laser-diode-bars\">\n\t\t\t<div class=\"elementor-post__card\">\n\t\t\t\t<a class=\"elementor-post__thumbnail__link\" href=\"https:\/\/b2bbeautyequipment.com\/es\/2330\/\" ><div class=\"elementor-post__thumbnail\"><img loading=\"lazy\" decoding=\"async\" width=\"300\" height=\"300\" src=\"https:\/\/b2bbeautyequipment.com\/wp-content\/uploads\/2023\/05\/Alma-laser-1-1-300x300.jpg\" class=\"attachment-medium size-medium wp-image-2331\" alt=\"\" srcset=\"https:\/\/b2bbeautyequipment.com\/wp-content\/uploads\/2023\/05\/Alma-laser-1-1-300x300.jpg 300w, https:\/\/b2bbeautyequipment.com\/wp-content\/uploads\/2023\/05\/Alma-laser-1-1-150x150.jpg 150w, https:\/\/b2bbeautyequipment.com\/wp-content\/uploads\/2023\/05\/Alma-laser-1-1-12x12.jpg 12w, https:\/\/b2bbeautyequipment.com\/wp-content\/uploads\/2023\/05\/Alma-laser-1-1.jpg 750w\" sizes=\"(max-width: 300px) 100vw, 300px\" \/><\/div><\/a>\n\t\t\t\t<div class=\"elementor-post__badge\">Barras de diodos l\u00e1ser Alma<\/div>\n\t\t\t\t<div class=\"elementor-post__avatar\">\n\t\t\t\t\t<\/div>\n\t\t\t\t<div class=\"elementor-post__text\">\n\t\t\t\t<h3 class=\"elementor-post__title\">\n\t\t\t<a href=\"https:\/\/b2bbeautyequipment.com\/es\/2330\/\" >\n\t\t\t\tBarras l\u00e1ser de diodo para Alma Soprano Reparaci\u00f3n o arreglo\t\t\t<\/a>\n\t\t<\/h3>\n\t\t\t\t<div class=\"elementor-post__excerpt\">\n\t\t\t<p>Sichuan Seasun l\u00e1ser puede proporcionar Alma l\u00e1ser Reparaci\u00f3n .Nuevo m\u00f3dulo de pila l\u00e1ser de diodo est\u00e1n disponibles\u3002 Micro \/ Macro l\u00e1ser bares pila puede ser el dise\u00f1o. Barras de l\u00e1ser de diodo<\/p>\n\t\t<\/div>\n\t\t\n\t\t<a class=\"elementor-post__read-more\" href=\"https:\/\/b2bbeautyequipment.com\/es\/2330\/\" >\n\t\t\tm\u00e1s \"\t\t<\/a>\n\n\t\t\t\t<\/div>\n\t\t\t\t<div class=\"elementor-post__meta-data\">\n\t\t\t\t\t<span class=\"elementor-post-date\">\n\t\t\t2023-05-11\t\t<\/span>\n\t\t\t\t<span class=\"elementor-post-avatar\">\n\t\t\tNo Comments\t\t<\/span>\n\t\t\t\t<\/div>\n\t\t\t\t\t<\/div>\n\t\t<\/article>\n\t\t\t\t<article class=\"elementor-post elementor-grid-item post-2282 post type-post status-publish format-standard has-post-thumbnail hentry category-diode-laser-machine\">\n\t\t\t<div class=\"elementor-post__card\">\n\t\t\t\t<a class=\"elementor-post__thumbnail__link\" href=\"https:\/\/b2bbeautyequipment.com\/es\/2282\/\" ><div class=\"elementor-post__thumbnail\"><img loading=\"lazy\" decoding=\"async\" width=\"300\" height=\"300\" src=\"https:\/\/b2bbeautyequipment.com\/wp-content\/uploads\/2023\/05\/d7-4-300x300.jpg\" class=\"attachment-medium size-medium wp-image-2404\" alt=\"\" srcset=\"https:\/\/b2bbeautyequipment.com\/wp-content\/uploads\/2023\/05\/d7-4-300x300.jpg 300w, https:\/\/b2bbeautyequipment.com\/wp-content\/uploads\/2023\/05\/d7-4-150x150.jpg 150w, https:\/\/b2bbeautyequipment.com\/wp-content\/uploads\/2023\/05\/d7-4-12x12.jpg 12w, https:\/\/b2bbeautyequipment.com\/wp-content\/uploads\/2023\/05\/d7-4.jpg 350w\" sizes=\"(max-width: 300px) 100vw, 300px\" \/><\/div><\/a>\n\t\t\t\t<div class=\"elementor-post__badge\">m\u00e1quina l\u00e1ser de diodo<\/div>\n\t\t\t\t<div class=\"elementor-post__avatar\">\n\t\t\t\t\t<\/div>\n\t\t\t\t<div class=\"elementor-post__text\">\n\t\t\t\t<h3 class=\"elementor-post__title\">\n\t\t\t<a href=\"https:\/\/b2bbeautyequipment.com\/es\/2282\/\" >\n\t\t\t\tDepiladora l\u00e1ser port\u00e1til Certificado CE TUV\t\t\t<\/a>\n\t\t<\/h3>\n\t\t\t\t<div class=\"elementor-post__excerpt\">\n\t\t\t<p>&nbsp; Ventajas de nuestra maquina l\u00e1ser port\u00e1til para depilaci\u00f3n 1. Pantalla plegable de nivel m\u00e9dico. 2. Pantalla plegable de nivel m\u00e9dico, 10.4 pulgadas, pantalla grande de f\u00e1cil operaci\u00f3n. 2. Barras coherentes USA,<\/p>\n\t\t<\/div>\n\t\t\n\t\t<a class=\"elementor-post__read-more\" href=\"https:\/\/b2bbeautyequipment.com\/es\/2282\/\" >\n\t\t\tm\u00e1s \"\t\t<\/a>\n\n\t\t\t\t<\/div>\n\t\t\t\t<div class=\"elementor-post__meta-data\">\n\t\t\t\t\t<span class=\"elementor-post-date\">\n\t\t\t2023-05-11\t\t<\/span>\n\t\t\t\t<span class=\"elementor-post-avatar\">\n\t\t\tNo Comments\t\t<\/span>\n\t\t\t\t<\/div>\n\t\t\t\t\t<\/div>\n\t\t<\/article>\n\t\t\t\t<article class=\"elementor-post elementor-grid-item post-2234 post type-post status-publish format-standard has-post-thumbnail hentry category-lpg-slimming-machine-parts\">\n\t\t\t<div class=\"elementor-post__card\">\n\t\t\t\t<a class=\"elementor-post__thumbnail__link\" href=\"https:\/\/b2bbeautyequipment.com\/es\/2234\/\" ><div class=\"elementor-post__thumbnail\"><img loading=\"lazy\" decoding=\"async\" width=\"285\" height=\"300\" src=\"https:\/\/b2bbeautyequipment.com\/wp-content\/uploads\/2023\/05\/v10-7-285x300.jpg\" class=\"attachment-medium size-medium wp-image-2235\" alt=\"\" srcset=\"https:\/\/b2bbeautyequipment.com\/wp-content\/uploads\/2023\/05\/v10-7-285x300.jpg 285w, https:\/\/b2bbeautyequipment.com\/wp-content\/uploads\/2023\/05\/v10-7-143x150.jpg 143w, https:\/\/b2bbeautyequipment.com\/wp-content\/uploads\/2023\/05\/v10-7-11x12.jpg 11w, https:\/\/b2bbeautyequipment.com\/wp-content\/uploads\/2023\/05\/v10-7.jpg 333w\" sizes=\"(max-width: 285px) 100vw, 285px\" \/><\/div><\/a>\n\t\t\t\t<div class=\"elementor-post__badge\">Piezas de m\u00e1quinas de adelgazamiento LPG<\/div>\n\t\t\t\t<div class=\"elementor-post__avatar\">\n\t\t\t\t\t<\/div>\n\t\t\t\t<div class=\"elementor-post__text\">\n\t\t\t\t<h3 class=\"elementor-post__title\">\n\t\t\t<a href=\"https:\/\/b2bbeautyequipment.com\/es\/2234\/\" >\n\t\t\t\tPiezas de la m\u00e1quina de adelgazamiento corporal Roller Slimming LPG\t\t\t<\/a>\n\t\t<\/h3>\n\t\t\t\t<div class=\"elementor-post__excerpt\">\n\t\t\t<p>4 asas para m\u00e1quina de adelgazamiento LPG M\u00e1s detalles: 1. Nombre de producto: cavitaci\u00f3n que adelgaza la m\u00e1quina\/el cuerpo que adelgaza la m\u00e1quina\/el cuerpo que adelgaza. 2. Funci\u00f3n: Adelgazamiento del cuerpo, moldeado del cuerpo, grasa\/peso.<\/p>\n\t\t<\/div>\n\t\t\n\t\t<a class=\"elementor-post__read-more\" href=\"https:\/\/b2bbeautyequipment.com\/es\/2234\/\" >\n\t\t\tm\u00e1s \"\t\t<\/a>\n\n\t\t\t\t<\/div>\n\t\t\t\t<div class=\"elementor-post__meta-data\">\n\t\t\t\t\t<span class=\"elementor-post-date\">\n\t\t\t2023-05-09\t\t<\/span>\n\t\t\t\t<span class=\"elementor-post-avatar\">\n\t\t\tNo Comments\t\t<\/span>\n\t\t\t\t<\/div>\n\t\t\t\t\t<\/div>\n\t\t<\/article>\n\t\t\t\t<article class=\"elementor-post elementor-grid-item post-2224 post type-post status-publish format-standard has-post-thumbnail hentry category-co2-fractional-machine-parts\">\n\t\t\t<div class=\"elementor-post__card\">\n\t\t\t\t<a class=\"elementor-post__thumbnail__link\" href=\"https:\/\/b2bbeautyequipment.com\/es\/2224\/\" ><div class=\"elementor-post__thumbnail\"><img loading=\"lazy\" decoding=\"async\" width=\"300\" height=\"238\" src=\"https:\/\/b2bbeautyequipment.com\/wp-content\/uploads\/2023\/05\/343738318655862518-\u62f7\u8d1d-300x238.png\" class=\"attachment-medium size-medium wp-image-2426\" alt=\"\" srcset=\"https:\/\/b2bbeautyequipment.com\/wp-content\/uploads\/2023\/05\/343738318655862518-\u62f7\u8d1d-300x238.png 300w, https:\/\/b2bbeautyequipment.com\/wp-content\/uploads\/2023\/05\/343738318655862518-\u62f7\u8d1d-150x119.png 150w, https:\/\/b2bbeautyequipment.com\/wp-content\/uploads\/2023\/05\/343738318655862518-\u62f7\u8d1d-768x609.png 768w, https:\/\/b2bbeautyequipment.com\/wp-content\/uploads\/2023\/05\/343738318655862518-\u62f7\u8d1d-15x12.png 15w, https:\/\/b2bbeautyequipment.com\/wp-content\/uploads\/2023\/05\/343738318655862518-\u62f7\u8d1d.png 800w\" sizes=\"(max-width: 300px) 100vw, 300px\" \/><\/div><\/a>\n\t\t\t\t<div class=\"elementor-post__badge\">Piezas de m\u00e1quinas fraccionadoras de CO2<\/div>\n\t\t\t\t<div class=\"elementor-post__avatar\">\n\t\t\t\t\t<\/div>\n\t\t\t\t<div class=\"elementor-post__text\">\n\t\t\t\t<h3 class=\"elementor-post__title\">\n\t\t\t<a href=\"https:\/\/b2bbeautyequipment.com\/es\/2224\/\" >\n\t\t\t\tKits de piezas fraccionadas de CO2 para instalar la m\u00e1quina\t\t\t<\/a>\n\t\t<\/h3>\n\t\t\t\t<div class=\"elementor-post__excerpt\">\n\t\t\t<p>El programa de instalaci\u00f3n es complicado, y requiere un ingeniero profesional. Contacte con nosotros por Whatsapp para m\u00e1s informaci\u00f3n.<\/p>\n\t\t<\/div>\n\t\t\n\t\t<a class=\"elementor-post__read-more\" href=\"https:\/\/b2bbeautyequipment.com\/es\/2224\/\" >\n\t\t\tm\u00e1s \"\t\t<\/a>\n\n\t\t\t\t<\/div>\n\t\t\t\t<div class=\"elementor-post__meta-data\">\n\t\t\t\t\t<span class=\"elementor-post-date\">\n\t\t\t2023-05-09\t\t<\/span>\n\t\t\t\t<span class=\"elementor-post-avatar\">\n\t\t\tNo Comments\t\t<\/span>\n\t\t\t\t<\/div>\n\t\t\t\t\t<\/div>\n\t\t<\/article>\n\t\t\t\t<\/div>\n\t\t\n\t\t\t\t\t\t<\/div>\n\t\t\t\t<\/div>\n\t\t\t\t\t<\/div>\n\t\t<\/div>\n\t\t\t\t\t<\/div>\n\t\t<\/section>\n\t\t\t\t<\/div>","protected":false},"excerpt":{"rendered":"","protected":false},"author":1,"featured_media":0,"parent":0,"menu_order":0,"comment_status":"closed","ping_status":"closed","template":"","meta":{"site-sidebar-layout":"no-sidebar","site-content-layout":"page-builder","ast-site-content-layout":"","site-content-style":"default","site-sidebar-style":"default","ast-global-header-display":"","ast-banner-title-visibility":"","ast-main-header-display":"","ast-hfb-above-header-display":"","ast-hfb-below-header-display":"","ast-hfb-mobile-header-display":"","site-post-title":"disabled","ast-breadcrumbs-content":"","ast-featured-img":"disabled","footer-sml-layout":"","theme-transparent-header-meta":"","adv-header-id-meta":"","stick-header-meta":"","header-above-stick-meta":"","header-main-stick-meta":"","header-below-stick-meta":"","astra-migrate-meta-layouts":"default","ast-page-background-enabled":"default","ast-page-background-meta":{"desktop":{"background-color":"","background-image":"","background-repeat":"repeat","background-position":"center center","background-size":"auto","background-attachment":"scroll","background-type":"","background-media":"","overlay-type":"","overlay-color":"","overlay-opacity":"","overlay-gradient":""},"tablet":{"background-color":"","background-image":"","background-repeat":"repeat","background-position":"center center","background-size":"auto","background-attachment":"scroll","background-type":"","background-media":"","overlay-type":"","overlay-color":"","overlay-opacity":"","overlay-gradient":""},"mobile":{"background-color":"","background-image":"","background-repeat":"repeat","background-position":"center center","background-size":"auto","background-attachment":"scroll","background-type":"","background-media":"","overlay-type":"","overlay-color":"","overlay-opacity":"","overlay-gradient":""}},"ast-content-background-meta":{"desktop":{"background-color":"var(--ast-global-color-5)","background-image":"","background-repeat":"repeat","background-position":"center center","background-size":"auto","background-attachment":"scroll","background-type":"","background-media":"","overlay-type":"","overlay-color":"","overlay-opacity":"","overlay-gradient":""},"tablet":{"background-color":"var(--ast-global-color-5)","background-image":"","background-repeat":"repeat","background-position":"center center","background-size":"auto","background-attachment":"scroll","background-type":"","background-media":"","overlay-type":"","overlay-color":"","overlay-opacity":"","overlay-gradient":""},"mobile":{"background-color":"var(--ast-global-color-5)","background-image":"","background-repeat":"repeat","background-position":"center center","background-size":"auto","background-attachment":"scroll","background-type":"","background-media":"","overlay-type":"","overlay-color":"","overlay-opacity":"","overlay-gradient":""}},"footnotes":""},"class_list":["post-1405","page","type-page","status-publish","hentry"],"yoast_head":"<!-- This site is optimized with the Yoast SEO plugin v24.4 - https:\/\/yoast.com\/wordpress\/plugins\/seo\/ -->\n<title>Technology Display - Seasun Laser<\/title>\n<meta name=\"robots\" content=\"index, follow, max-snippet:-1, max-image-preview:large, max-video-preview:-1\" \/>\n<link rel=\"canonical\" href=\"https:\/\/b2bbeautyequipment.com\/es\/technology-display\/\" \/>\n<meta property=\"og:locale\" content=\"es_ES\" \/>\n<meta property=\"og:type\" content=\"article\" \/>\n<meta property=\"og:title\" content=\"Technology Display - Seasun Laser\" \/>\n<meta property=\"og:url\" content=\"https:\/\/b2bbeautyequipment.com\/es\/technology-display\/\" \/>\n<meta property=\"og:site_name\" content=\"Seasun Laser\" \/>\n<meta property=\"article:modified_time\" content=\"2023-05-23T09:26:19+00:00\" \/>\n<meta name=\"twitter:card\" content=\"summary_large_image\" \/>\n<script type=\"application\/ld+json\" class=\"yoast-schema-graph\">{\"@context\":\"https:\/\/schema.org\",\"@graph\":[{\"@type\":\"WebPage\",\"@id\":\"https:\/\/b2bbeautyequipment.com\/pt\/technology-display\/\",\"url\":\"https:\/\/b2bbeautyequipment.com\/pt\/technology-display\/\",\"name\":\"Technology Display - Seasun Laser\",\"isPartOf\":{\"@id\":\"https:\/\/b2bbeautyequipment.com\/#website\"},\"datePublished\":\"2023-03-29T14:43:23+00:00\",\"dateModified\":\"2023-05-23T09:26:19+00:00\",\"breadcrumb\":{\"@id\":\"https:\/\/b2bbeautyequipment.com\/pt\/technology-display\/#breadcrumb\"},\"inLanguage\":\"es-ES\",\"potentialAction\":[{\"@type\":\"ReadAction\",\"target\":[\"https:\/\/b2bbeautyequipment.com\/pt\/technology-display\/\"]}]},{\"@type\":\"BreadcrumbList\",\"@id\":\"https:\/\/b2bbeautyequipment.com\/pt\/technology-display\/#breadcrumb\",\"itemListElement\":[{\"@type\":\"ListItem\",\"position\":1,\"name\":\"\u9996\u9875\",\"item\":\"https:\/\/b2bbeautyequipment.com\/\"},{\"@type\":\"ListItem\",\"position\":2,\"name\":\"Technology Display\"}]},{\"@type\":\"WebSite\",\"@id\":\"https:\/\/b2bbeautyequipment.com\/#website\",\"url\":\"https:\/\/b2bbeautyequipment.com\/\",\"name\":\"Seasun Laser\",\"description\":\"Seasun Laser\",\"potentialAction\":[{\"@type\":\"SearchAction\",\"target\":{\"@type\":\"EntryPoint\",\"urlTemplate\":\"https:\/\/b2bbeautyequipment.com\/?s={search_term_string}\"},\"query-input\":{\"@type\":\"PropertyValueSpecification\",\"valueRequired\":true,\"valueName\":\"search_term_string\"}}],\"inLanguage\":\"es-ES\"}]}<\/script>\n<!-- \/ Yoast SEO plugin. -->","yoast_head_json":{"title":"Technology Display - Seasun Laser","robots":{"index":"index","follow":"follow","max-snippet":"max-snippet:-1","max-image-preview":"max-image-preview:large","max-video-preview":"max-video-preview:-1"},"canonical":"https:\/\/b2bbeautyequipment.com\/es\/technology-display\/","og_locale":"es_ES","og_type":"article","og_title":"Technology Display - Seasun Laser","og_url":"https:\/\/b2bbeautyequipment.com\/es\/technology-display\/","og_site_name":"Seasun Laser","article_modified_time":"2023-05-23T09:26:19+00:00","twitter_card":"summary_large_image","schema":{"@context":"https:\/\/schema.org","@graph":[{"@type":"WebPage","@id":"https:\/\/b2bbeautyequipment.com\/pt\/technology-display\/","url":"https:\/\/b2bbeautyequipment.com\/pt\/technology-display\/","name":"Technology Display - Seasun Laser","isPartOf":{"@id":"https:\/\/b2bbeautyequipment.com\/#website"},"datePublished":"2023-03-29T14:43:23+00:00","dateModified":"2023-05-23T09:26:19+00:00","breadcrumb":{"@id":"https:\/\/b2bbeautyequipment.com\/pt\/technology-display\/#breadcrumb"},"inLanguage":"es-ES","potentialAction":[{"@type":"ReadAction","target":["https:\/\/b2bbeautyequipment.com\/pt\/technology-display\/"]}]},{"@type":"BreadcrumbList","@id":"https:\/\/b2bbeautyequipment.com\/pt\/technology-display\/#breadcrumb","itemListElement":[{"@type":"ListItem","position":1,"name":"\u9996\u9875","item":"https:\/\/b2bbeautyequipment.com\/"},{"@type":"ListItem","position":2,"name":"Technology Display"}]},{"@type":"WebSite","@id":"https:\/\/b2bbeautyequipment.com\/#website","url":"https:\/\/b2bbeautyequipment.com\/","name":"Seasun Laser","description":"Seasun Laser","potentialAction":[{"@type":"SearchAction","target":{"@type":"EntryPoint","urlTemplate":"https:\/\/b2bbeautyequipment.com\/?s={search_term_string}"},"query-input":{"@type":"PropertyValueSpecification","valueRequired":true,"valueName":"search_term_string"}}],"inLanguage":"es-ES"}]}},"_links":{"self":[{"href":"https:\/\/b2bbeautyequipment.com\/es\/wp-json\/wp\/v2\/pages\/1405","targetHints":{"allow":["GET"]}}],"collection":[{"href":"https:\/\/b2bbeautyequipment.com\/es\/wp-json\/wp\/v2\/pages"}],"about":[{"href":"https:\/\/b2bbeautyequipment.com\/es\/wp-json\/wp\/v2\/types\/page"}],"author":[{"embeddable":true,"href":"https:\/\/b2bbeautyequipment.com\/es\/wp-json\/wp\/v2\/users\/1"}],"replies":[{"embeddable":true,"href":"https:\/\/b2bbeautyequipment.com\/es\/wp-json\/wp\/v2\/comments?post=1405"}],"version-history":[{"count":0,"href":"https:\/\/b2bbeautyequipment.com\/es\/wp-json\/wp\/v2\/pages\/1405\/revisions"}],"wp:attachment":[{"href":"https:\/\/b2bbeautyequipment.com\/es\/wp-json\/wp\/v2\/media?parent=1405"}],"curies":[{"name":"wp","href":"https:\/\/api.w.org\/{rel}","templated":true}]}}