{"id":1387,"date":"2023-03-25T23:03:14","date_gmt":"2023-03-25T15:03:14","guid":{"rendered":"http:\/\/test.qnqb5.cn\/?page_id=1387"},"modified":"2023-05-23T17:32:29","modified_gmt":"2023-05-23T09:32:29","slug":"about-us","status":"publish","type":"page","link":"https:\/\/b2bbeautyequipment.com\/es\/about-us\/","title":{"rendered":"Qui\u00e9nes somos"},"content":{"rendered":"<div data-elementor-type=\"wp-page\" data-elementor-id=\"1387\" class=\"elementor elementor-1387\">\n\t\t\t\t\t\t<section class=\"elementor-section elementor-top-section elementor-element elementor-element-51c14356 elementor-section-full_width elementor-section-height-default elementor-section-height-default\" data-id=\"51c14356\" data-element_type=\"section\" data-settings=\"{&quot;background_background&quot;:&quot;classic&quot;}\">\n\t\t\t\t\t\t\t<div class=\"elementor-background-overlay\"><\/div>\n\t\t\t\t\t\t\t<div class=\"elementor-container elementor-column-gap-default\">\n\t\t\t\t\t<div class=\"elementor-column elementor-col-100 elementor-top-column elementor-element elementor-element-1f60d2b2\" data-id=\"1f60d2b2\" data-element_type=\"column\">\n\t\t\t<div class=\"elementor-widget-wrap elementor-element-populated\">\n\t\t\t\t\t\t<div class=\"elementor-element elementor-element-4cf77be9 elementor-widget elementor-widget-image\" data-id=\"4cf77be9\" data-element_type=\"widget\" data-widget_type=\"image.default\">\n\t\t\t\t<div class=\"elementor-widget-container\">\n\t\t\t\t\t\t\t\t\t\t\t\t\t\t\t<img fetchpriority=\"high\" decoding=\"async\" width=\"1980\" height=\"400\" src=\"https:\/\/b2bbeautyequipment.com\/wp-content\/uploads\/2023\/05\/\u5fae\u4fe1\u56fe\u7247_20230523171737.jpg\" class=\"attachment-full size-full wp-image-2485\" alt=\"\" srcset=\"https:\/\/b2bbeautyequipment.com\/wp-content\/uploads\/2023\/05\/\u5fae\u4fe1\u56fe\u7247_20230523171737.jpg 1980w, https:\/\/b2bbeautyequipment.com\/wp-content\/uploads\/2023\/05\/\u5fae\u4fe1\u56fe\u7247_20230523171737-300x61.jpg 300w, https:\/\/b2bbeautyequipment.com\/wp-content\/uploads\/2023\/05\/\u5fae\u4fe1\u56fe\u7247_20230523171737-1024x207.jpg 1024w, https:\/\/b2bbeautyequipment.com\/wp-content\/uploads\/2023\/05\/\u5fae\u4fe1\u56fe\u7247_20230523171737-150x30.jpg 150w, https:\/\/b2bbeautyequipment.com\/wp-content\/uploads\/2023\/05\/\u5fae\u4fe1\u56fe\u7247_20230523171737-768x155.jpg 768w, https:\/\/b2bbeautyequipment.com\/wp-content\/uploads\/2023\/05\/\u5fae\u4fe1\u56fe\u7247_20230523171737-1536x310.jpg 1536w, https:\/\/b2bbeautyequipment.com\/wp-content\/uploads\/2023\/05\/\u5fae\u4fe1\u56fe\u7247_20230523171737-18x4.jpg 18w\" sizes=\"(max-width: 1980px) 100vw, 1980px\" \/>\t\t\t\t\t\t\t\t\t\t\t\t\t\t\t<\/div>\n\t\t\t\t<\/div>\n\t\t\t\t\t<\/div>\n\t\t<\/div>\n\t\t\t\t\t<\/div>\n\t\t<\/section>\n\t\t\t\t<section class=\"elementor-section elementor-top-section elementor-element elementor-element-1b4170 elementor-section-height-min-height elementor-section-content-middle elementor-section-boxed elementor-section-height-default elementor-section-items-middle\" data-id=\"1b4170\" data-element_type=\"section\" data-settings=\"{&quot;background_background&quot;:&quot;classic&quot;}\">\n\t\t\t\t\t\t\t<div class=\"elementor-background-overlay\"><\/div>\n\t\t\t\t\t\t\t<div class=\"elementor-container elementor-column-gap-default\">\n\t\t\t\t\t<div class=\"elementor-column elementor-col-100 elementor-top-column elementor-element elementor-element-5a57e0ab\" data-id=\"5a57e0ab\" data-element_type=\"column\">\n\t\t\t<div class=\"elementor-widget-wrap elementor-element-populated\">\n\t\t\t\t\t\t<section class=\"elementor-section elementor-top-section elementor-element elementor-element-2b47742b elementor-section-boxed elementor-section-height-default elementor-section-height-default\" data-id=\"2b47742b\" data-element_type=\"section\" data-settings=\"{&quot;background_background&quot;:&quot;classic&quot;}\">\n\t\t\t\t\t\t<div class=\"elementor-container elementor-column-gap-default\">\n\t\t\t\t\t<div class=\"elementor-column elementor-col-50 elementor-top-column elementor-element elementor-element-6362efce\" data-id=\"6362efce\" data-element_type=\"column\">\n\t\t\t<div class=\"elementor-widget-wrap elementor-element-populated\">\n\t\t\t\t\t\t<section class=\"elementor-section elementor-top-section elementor-element elementor-element-19898ec1 elementor-section-height-min-height elementor-section-items-top elementor-section-content-top elementor-section-boxed elementor-section-height-default\" data-id=\"19898ec1\" data-element_type=\"section\" data-settings=\"{&quot;background_background&quot;:&quot;classic&quot;}\">\n\t\t\t\t\t\t<div class=\"elementor-container elementor-column-gap-no\">\n\t\t\t\t\t<div class=\"elementor-column elementor-col-100 elementor-top-column elementor-element elementor-element-24bbc685\" data-id=\"24bbc685\" data-element_type=\"column\">\n\t\t\t<div class=\"elementor-widget-wrap elementor-element-populated\">\n\t\t\t\t\t\t<div class=\"elementor-element elementor-element-679aef59 elementor-widget elementor-widget-heading\" data-id=\"679aef59\" data-element_type=\"widget\" data-widget_type=\"heading.default\">\n\t\t\t\t<div class=\"elementor-widget-container\">\n\t\t\t\t\t<h6 class=\"elementor-heading-title elementor-size-default\">PRODUCTOS<\/h6>\t\t\t\t<\/div>\n\t\t\t\t<\/div>\n\t\t\t\t<div class=\"elementor-element elementor-element-17a71d34 elementor-widget-divider--view-line elementor-widget elementor-widget-divider\" data-id=\"17a71d34\" data-element_type=\"widget\" data-widget_type=\"divider.default\">\n\t\t\t\t<div class=\"elementor-widget-container\">\n\t\t\t\t\t\t\t<div class=\"elementor-divider\">\n\t\t\t<span class=\"elementor-divider-separator\">\n\t\t\t\t\t\t<\/span>\n\t\t<\/div>\n\t\t\t\t\t\t<\/div>\n\t\t\t\t<\/div>\n\t\t\t\t<div class=\"elementor-element elementor-element-12aeaa34 elementor-nav-menu__align-left elementor-nav-menu--dropdown-tablet elementor-nav-menu__text-align-aside elementor-widget elementor-widget-nav-menu\" data-id=\"12aeaa34\" data-element_type=\"widget\" data-settings=\"{&quot;layout&quot;:&quot;vertical&quot;,&quot;submenu_icon&quot;:{&quot;value&quot;:&quot;&lt;i class=\\&quot;fas fa-caret-down\\&quot;&gt;&lt;\\\/i&gt;&quot;,&quot;library&quot;:&quot;fa-solid&quot;}}\" data-widget_type=\"nav-menu.default\">\n\t\t\t\t<div class=\"elementor-widget-container\">\n\t\t\t\t\t\t\t\t<nav migration_allowed=\"1\" migrated=\"0\" class=\"elementor-nav-menu--main elementor-nav-menu__container elementor-nav-menu--layout-vertical e--pointer-background e--animation-grow\">\n\t\t\t\t<ul id=\"menu-1-12aeaa34\" class=\"elementor-nav-menu sm-vertical\"><li class=\"menu-item menu-item-type-taxonomy menu-item-object-category menu-item-1436\"><a href=\"https:\/\/b2bbeautyequipment.com\/es\/category\/diode-laser-spare-parts-assemble-solution\/\" class=\"elementor-item menu-link\">Soluci\u00f3n de ensamblaje de piezas de repuesto para l\u00e1ser de diodo<\/a><\/li>\n<li class=\"menu-item menu-item-type-taxonomy menu-item-object-category menu-item-1435\"><a href=\"https:\/\/b2bbeautyequipment.com\/es\/category\/diode-laser-wattage-recommend\/\" class=\"elementor-item menu-link\">Potencia l\u00e1ser de diodo recomendada<\/a><\/li>\n<li class=\"menu-item menu-item-type-taxonomy menu-item-object-category menu-item-1434\"><a href=\"https:\/\/b2bbeautyequipment.com\/es\/category\/diode-laser-applicator-personalized-service\/\" class=\"elementor-item menu-link\">Aplicador l\u00e1ser de diodo Servicio personalizado<\/a><\/li>\n<li class=\"menu-item menu-item-type-taxonomy menu-item-object-category menu-item-1433\"><a href=\"https:\/\/b2bbeautyequipment.com\/es\/category\/diode-laser-stack-bars-personalized-service\/\" class=\"elementor-item menu-link\">Barras apiladoras l\u00e1ser de diodo Servicio personalizado<\/a><\/li>\n<li class=\"menu-item menu-item-type-taxonomy menu-item-object-category menu-item-1432\"><a href=\"https:\/\/b2bbeautyequipment.com\/es\/category\/diode-laser-handle-repair\/\" class=\"elementor-item menu-link\">Reparaci\u00f3n de mangos con l\u00e1ser de diodo<\/a><\/li>\n<li class=\"menu-item menu-item-type-taxonomy menu-item-object-category menu-item-1431\"><a href=\"https:\/\/b2bbeautyequipment.com\/es\/category\/diode-laser-bars-repair\/\" class=\"elementor-item menu-link\">Reparaci\u00f3n de barras l\u00e1ser de diodo<\/a><\/li>\n<li class=\"menu-item menu-item-type-taxonomy menu-item-object-category menu-item-1430\"><a href=\"https:\/\/b2bbeautyequipment.com\/es\/category\/co2-fractional-machine-parts\/\" class=\"elementor-item menu-link\">Piezas de m\u00e1quinas fraccionadoras de CO2<\/a><\/li>\n<li class=\"menu-item menu-item-type-taxonomy menu-item-object-category menu-item-1429\"><a href=\"https:\/\/b2bbeautyequipment.com\/es\/category\/hifu-machine-parts\/\" class=\"elementor-item menu-link\">Piezas de m\u00e1quinas Hifu<\/a><\/li>\n<li class=\"menu-item menu-item-type-taxonomy menu-item-object-category menu-item-1437\"><a href=\"https:\/\/b2bbeautyequipment.com\/es\/category\/lpg-slimming-machine-parts\/\" class=\"elementor-item menu-link\">Piezas de m\u00e1quinas de adelgazamiento LPG<\/a><\/li>\n<\/ul>\t\t\t<\/nav>\n\t\t\t\t\t\t<nav class=\"elementor-nav-menu--dropdown elementor-nav-menu__container\" aria-hidden=\"true\">\n\t\t\t\t<ul id=\"menu-2-12aeaa34\" class=\"elementor-nav-menu sm-vertical\"><li class=\"menu-item menu-item-type-taxonomy menu-item-object-category menu-item-1436\"><a href=\"https:\/\/b2bbeautyequipment.com\/es\/category\/diode-laser-spare-parts-assemble-solution\/\" class=\"elementor-item menu-link\" tabindex=\"-1\">Soluci\u00f3n de ensamblaje de piezas de repuesto para l\u00e1ser de diodo<\/a><\/li>\n<li class=\"menu-item menu-item-type-taxonomy menu-item-object-category menu-item-1435\"><a href=\"https:\/\/b2bbeautyequipment.com\/es\/category\/diode-laser-wattage-recommend\/\" class=\"elementor-item menu-link\" tabindex=\"-1\">Potencia l\u00e1ser de diodo recomendada<\/a><\/li>\n<li class=\"menu-item menu-item-type-taxonomy menu-item-object-category menu-item-1434\"><a href=\"https:\/\/b2bbeautyequipment.com\/es\/category\/diode-laser-applicator-personalized-service\/\" class=\"elementor-item menu-link\" tabindex=\"-1\">Aplicador l\u00e1ser de diodo Servicio personalizado<\/a><\/li>\n<li class=\"menu-item menu-item-type-taxonomy menu-item-object-category menu-item-1433\"><a href=\"https:\/\/b2bbeautyequipment.com\/es\/category\/diode-laser-stack-bars-personalized-service\/\" class=\"elementor-item menu-link\" tabindex=\"-1\">Barras apiladoras l\u00e1ser de diodo Servicio personalizado<\/a><\/li>\n<li class=\"menu-item menu-item-type-taxonomy menu-item-object-category menu-item-1432\"><a href=\"https:\/\/b2bbeautyequipment.com\/es\/category\/diode-laser-handle-repair\/\" class=\"elementor-item menu-link\" tabindex=\"-1\">Reparaci\u00f3n de mangos con l\u00e1ser de diodo<\/a><\/li>\n<li class=\"menu-item menu-item-type-taxonomy menu-item-object-category menu-item-1431\"><a href=\"https:\/\/b2bbeautyequipment.com\/es\/category\/diode-laser-bars-repair\/\" class=\"elementor-item menu-link\" tabindex=\"-1\">Reparaci\u00f3n de barras l\u00e1ser de diodo<\/a><\/li>\n<li class=\"menu-item menu-item-type-taxonomy menu-item-object-category menu-item-1430\"><a href=\"https:\/\/b2bbeautyequipment.com\/es\/category\/co2-fractional-machine-parts\/\" class=\"elementor-item menu-link\" tabindex=\"-1\">Piezas de m\u00e1quinas fraccionadoras de CO2<\/a><\/li>\n<li class=\"menu-item menu-item-type-taxonomy menu-item-object-category menu-item-1429\"><a href=\"https:\/\/b2bbeautyequipment.com\/es\/category\/hifu-machine-parts\/\" class=\"elementor-item menu-link\" tabindex=\"-1\">Piezas de m\u00e1quinas Hifu<\/a><\/li>\n<li class=\"menu-item menu-item-type-taxonomy menu-item-object-category menu-item-1437\"><a href=\"https:\/\/b2bbeautyequipment.com\/es\/category\/lpg-slimming-machine-parts\/\" class=\"elementor-item menu-link\" tabindex=\"-1\">Piezas de m\u00e1quinas de adelgazamiento LPG<\/a><\/li>\n<\/ul>\t\t\t<\/nav>\n\t\t\t\t\t\t<\/div>\n\t\t\t\t<\/div>\n\t\t\t\t<div class=\"elementor-element elementor-element-37ba3312 elementor-widget elementor-widget-heading\" data-id=\"37ba3312\" data-element_type=\"widget\" data-widget_type=\"heading.default\">\n\t\t\t\t<div class=\"elementor-widget-container\">\n\t\t\t\t\t<h6 class=\"elementor-heading-title elementor-size-default\">CONTACTO<\/h6>\t\t\t\t<\/div>\n\t\t\t\t<\/div>\n\t\t\t\t<div class=\"elementor-element elementor-element-3718b988 elementor-widget-divider--view-line elementor-widget elementor-widget-divider\" data-id=\"3718b988\" data-element_type=\"widget\" data-widget_type=\"divider.default\">\n\t\t\t\t<div class=\"elementor-widget-container\">\n\t\t\t\t\t\t\t<div class=\"elementor-divider\">\n\t\t\t<span class=\"elementor-divider-separator\">\n\t\t\t\t\t\t<\/span>\n\t\t<\/div>\n\t\t\t\t\t\t<\/div>\n\t\t\t\t<\/div>\n\t\t\t\t<div class=\"elementor-element elementor-element-42dae6ea elementor-widget elementor-widget-text-editor\" data-id=\"42dae6ea\" data-element_type=\"widget\" data-widget_type=\"text-editor.default\">\n\t\t\t\t<div class=\"elementor-widget-container\">\n\t\t\t\t\t\t\t\t\t<p><strong>Nombre:Sichuan Seasun Laser<\/strong><br \/><strong>Correo electr\u00f3nico: seasun@seasunlaser.com<\/strong><br \/><strong>Whatsapp:<\/strong><\/p><p><strong>Jenny +86 15828538268<\/strong><\/p><p><strong>Emmy +86 19150198263<\/strong><\/p><p><strong>Lawerence +86 15828536980<\/strong><\/p>\t\t\t\t\t\t\t\t<\/div>\n\t\t\t\t<\/div>\n\t\t\t\t\t<\/div>\n\t\t<\/div>\n\t\t\t\t\t<\/div>\n\t\t<\/section>\n\t\t\t\t\t<\/div>\n\t\t<\/div>\n\t\t\t\t<div class=\"elementor-column elementor-col-50 elementor-top-column elementor-element elementor-element-5ca5cf51\" data-id=\"5ca5cf51\" data-element_type=\"column\">\n\t\t\t<div class=\"elementor-widget-wrap elementor-element-populated\">\n\t\t\t\t\t\t<div class=\"elementor-element elementor-element-85b1415 elementor-widget elementor-widget-text-editor\" data-id=\"85b1415\" data-element_type=\"widget\" data-widget_type=\"text-editor.default\">\n\t\t\t\t<div class=\"elementor-widget-container\">\n\t\t\t\t\t\t\t\t\t<p>Acerca de<\/p><p>M\u00e1quina de belleza l\u00e1ser Sichuan Seasun S.A.\u00a0<\/p><p>Principales l\u00edneas de negocio del l\u00e1ser Seasun\u00a0<\/p><p>1)L\u00e1ser de diodo piezas enteras proporcionar&amp;tecnolog\u00eda de una parada proveedor de soluciones<\/p><p>2)Dise\u00f1o de mango l\u00e1ser de diodo y tama\u00f1o de punto personalizado<\/p><p>3)Barras l\u00e1ser de diodo personalizadas y reparaci\u00f3n<\/p><p>4)Alma\/Syneron\/Polomar Vectus \/Lasertel....Reparaci\u00f3n\u00a0<\/p><p>5)Piezas de la m\u00e1quina de Hifu\/Piezas de la m\u00e1quina de adelgazamiento de LPG\/Proveedor de piezas fraccionarias de CO2<\/p><p>6) Dise\u00f1o de nuevos proyectos en funci\u00f3n de las necesidades de los clientes<\/p><p>\u00a0<\/p>\t\t\t\t\t\t\t\t<\/div>\n\t\t\t\t<\/div>\n\t\t\t\t\t<\/div>\n\t\t<\/div>\n\t\t\t\t\t<\/div>\n\t\t<\/section>\n\t\t\t\t\t<\/div>\n\t\t<\/div>\n\t\t\t\t\t<\/div>\n\t\t<\/section>\n\t\t\t\t<\/div>","protected":false},"excerpt":{"rendered":"<p>PRODUCTS CONTACT US Name:Sichuan Seasun LaserEmail: seasun@seasunlaser.comWhatsapp: Jenny +86 15828538268 Emmy\u00a0 +86 19150198263 Lawerence +86 15828536980 About Sichuan Seasun Laser Beauty Machine CO.,Ltd\u00a0 Seasun laser main businees\u00a0 1)Diode laser whole parts provide&amp;technology one- stop solution provider 2)Diode Laser Handle Design &amp;Customzied spot size 3)Diode Laser Bars Customzied &amp;Repair 4)Alma\/Syneron\/Polomar Vectus \/Lasertel&#8230;.Repair\u00a0 5)Hifu machine parts\/LPG slimming [&hellip;]<\/p>","protected":false},"author":1,"featured_media":0,"parent":0,"menu_order":0,"comment_status":"closed","ping_status":"closed","template":"","meta":{"site-sidebar-layout":"no-sidebar","site-content-layout":"page-builder","ast-site-content-layout":"","site-content-style":"default","site-sidebar-style":"default","ast-global-header-display":"","ast-banner-title-visibility":"","ast-main-header-display":"","ast-hfb-above-header-display":"","ast-hfb-below-header-display":"","ast-hfb-mobile-header-display":"","site-post-title":"disabled","ast-breadcrumbs-content":"","ast-featured-img":"disabled","footer-sml-layout":"","theme-transparent-header-meta":"default","adv-header-id-meta":"","stick-header-meta":"default","header-above-stick-meta":"","header-main-stick-meta":"","header-below-stick-meta":"","astra-migrate-meta-layouts":"default","ast-page-background-enabled":"default","ast-page-background-meta":{"desktop":{"background-color":"","background-image":"","background-repeat":"repeat","background-position":"center center","background-size":"auto","background-attachment":"scroll","background-type":"","background-media":"","overlay-type":"","overlay-color":"","overlay-opacity":"","overlay-gradient":""},"tablet":{"background-color":"","background-image":"","background-repeat":"repeat","background-position":"center center","background-size":"auto","background-attachment":"scroll","background-type":"","background-media":"","overlay-type":"","overlay-color":"","overlay-opacity":"","overlay-gradient":""},"mobile":{"background-color":"","background-image":"","background-repeat":"repeat","background-position":"center center","background-size":"auto","background-attachment":"scroll","background-type":"","background-media":"","overlay-type":"","overlay-color":"","overlay-opacity":"","overlay-gradient":""}},"ast-content-background-meta":{"desktop":{"background-color":"var(--ast-global-color-5)","background-image":"","background-repeat":"repeat","background-position":"center center","background-size":"auto","background-attachment":"scroll","background-type":"","background-media":"","overlay-type":"","overlay-color":"","overlay-opacity":"","overlay-gradient":""},"tablet":{"background-color":"var(--ast-global-color-5)","background-image":"","background-repeat":"repeat","background-position":"center center","background-size":"auto","background-attachment":"scroll","background-type":"","background-media":"","overlay-type":"","overlay-color":"","overlay-opacity":"","overlay-gradient":""},"mobile":{"background-color":"var(--ast-global-color-5)","background-image":"","background-repeat":"repeat","background-position":"center center","background-size":"auto","background-attachment":"scroll","background-type":"","background-media":"","overlay-type":"","overlay-color":"","overlay-opacity":"","overlay-gradient":""}},"footnotes":""},"class_list":["post-1387","page","type-page","status-publish","hentry"],"yoast_head":"<!-- This site is optimized with the Yoast SEO plugin v24.4 - https:\/\/yoast.com\/wordpress\/plugins\/seo\/ -->\n<title>About Us - Seasun Laser<\/title>\n<meta name=\"robots\" content=\"index, follow, max-snippet:-1, max-image-preview:large, max-video-preview:-1\" \/>\n<link rel=\"canonical\" href=\"https:\/\/b2bbeautyequipment.com\/es\/about-us\/\" \/>\n<meta property=\"og:locale\" content=\"es_ES\" \/>\n<meta property=\"og:type\" content=\"article\" \/>\n<meta property=\"og:title\" content=\"About Us - Seasun Laser\" \/>\n<meta property=\"og:description\" content=\"PRODUCTS CONTACT US Name:Sichuan Seasun LaserEmail: seasun@seasunlaser.comWhatsapp: Jenny +86 15828538268 Emmy\u00a0 +86 19150198263 Lawerence +86 15828536980 About Sichuan Seasun Laser Beauty Machine CO.,Ltd\u00a0 Seasun laser main businees\u00a0 1)Diode laser whole parts provide&amp;technology one- stop solution provider 2)Diode Laser Handle Design &amp;Customzied spot size 3)Diode Laser Bars Customzied &amp;Repair 4)Alma\/Syneron\/Polomar Vectus \/Lasertel&#8230;.Repair\u00a0 5)Hifu machine parts\/LPG slimming [&hellip;]\" \/>\n<meta property=\"og:url\" content=\"https:\/\/b2bbeautyequipment.com\/es\/about-us\/\" \/>\n<meta property=\"og:site_name\" content=\"Seasun Laser\" \/>\n<meta property=\"article:modified_time\" content=\"2023-05-23T09:32:29+00:00\" \/>\n<meta name=\"twitter:card\" content=\"summary_large_image\" \/>\n<script type=\"application\/ld+json\" class=\"yoast-schema-graph\">{\"@context\":\"https:\/\/schema.org\",\"@graph\":[{\"@type\":\"WebPage\",\"@id\":\"https:\/\/b2bbeautyequipment.com\/es\/about-us\/\",\"url\":\"https:\/\/b2bbeautyequipment.com\/es\/about-us\/\",\"name\":\"About Us - Seasun Laser\",\"isPartOf\":{\"@id\":\"https:\/\/b2bbeautyequipment.com\/#website\"},\"datePublished\":\"2023-03-25T15:03:14+00:00\",\"dateModified\":\"2023-05-23T09:32:29+00:00\",\"breadcrumb\":{\"@id\":\"https:\/\/b2bbeautyequipment.com\/es\/about-us\/#breadcrumb\"},\"inLanguage\":\"es-ES\",\"potentialAction\":[{\"@type\":\"ReadAction\",\"target\":[\"https:\/\/b2bbeautyequipment.com\/es\/about-us\/\"]}]},{\"@type\":\"BreadcrumbList\",\"@id\":\"https:\/\/b2bbeautyequipment.com\/es\/about-us\/#breadcrumb\",\"itemListElement\":[{\"@type\":\"ListItem\",\"position\":1,\"name\":\"\u9996\u9875\",\"item\":\"https:\/\/b2bbeautyequipment.com\/\"},{\"@type\":\"ListItem\",\"position\":2,\"name\":\"About Us\"}]},{\"@type\":\"WebSite\",\"@id\":\"https:\/\/b2bbeautyequipment.com\/#website\",\"url\":\"https:\/\/b2bbeautyequipment.com\/\",\"name\":\"Seasun Laser\",\"description\":\"Seasun Laser\",\"potentialAction\":[{\"@type\":\"SearchAction\",\"target\":{\"@type\":\"EntryPoint\",\"urlTemplate\":\"https:\/\/b2bbeautyequipment.com\/?s={search_term_string}\"},\"query-input\":{\"@type\":\"PropertyValueSpecification\",\"valueRequired\":true,\"valueName\":\"search_term_string\"}}],\"inLanguage\":\"es-ES\"}]}<\/script>\n<!-- \/ Yoast SEO plugin. -->","yoast_head_json":{"title":"About Us - Seasun Laser","robots":{"index":"index","follow":"follow","max-snippet":"max-snippet:-1","max-image-preview":"max-image-preview:large","max-video-preview":"max-video-preview:-1"},"canonical":"https:\/\/b2bbeautyequipment.com\/es\/about-us\/","og_locale":"es_ES","og_type":"article","og_title":"About Us - Seasun Laser","og_description":"PRODUCTS CONTACT US Name:Sichuan Seasun LaserEmail: seasun@seasunlaser.comWhatsapp: Jenny +86 15828538268 Emmy\u00a0 +86 19150198263 Lawerence +86 15828536980 About Sichuan Seasun Laser Beauty Machine CO.,Ltd\u00a0 Seasun laser main businees\u00a0 1)Diode laser whole parts provide&amp;technology one- stop solution provider 2)Diode Laser Handle Design &amp;Customzied spot size 3)Diode Laser Bars Customzied &amp;Repair 4)Alma\/Syneron\/Polomar Vectus \/Lasertel&#8230;.Repair\u00a0 5)Hifu machine parts\/LPG slimming [&hellip;]","og_url":"https:\/\/b2bbeautyequipment.com\/es\/about-us\/","og_site_name":"Seasun Laser","article_modified_time":"2023-05-23T09:32:29+00:00","twitter_card":"summary_large_image","schema":{"@context":"https:\/\/schema.org","@graph":[{"@type":"WebPage","@id":"https:\/\/b2bbeautyequipment.com\/es\/about-us\/","url":"https:\/\/b2bbeautyequipment.com\/es\/about-us\/","name":"About Us - Seasun Laser","isPartOf":{"@id":"https:\/\/b2bbeautyequipment.com\/#website"},"datePublished":"2023-03-25T15:03:14+00:00","dateModified":"2023-05-23T09:32:29+00:00","breadcrumb":{"@id":"https:\/\/b2bbeautyequipment.com\/es\/about-us\/#breadcrumb"},"inLanguage":"es-ES","potentialAction":[{"@type":"ReadAction","target":["https:\/\/b2bbeautyequipment.com\/es\/about-us\/"]}]},{"@type":"BreadcrumbList","@id":"https:\/\/b2bbeautyequipment.com\/es\/about-us\/#breadcrumb","itemListElement":[{"@type":"ListItem","position":1,"name":"\u9996\u9875","item":"https:\/\/b2bbeautyequipment.com\/"},{"@type":"ListItem","position":2,"name":"About Us"}]},{"@type":"WebSite","@id":"https:\/\/b2bbeautyequipment.com\/#website","url":"https:\/\/b2bbeautyequipment.com\/","name":"Seasun Laser","description":"Seasun Laser","potentialAction":[{"@type":"SearchAction","target":{"@type":"EntryPoint","urlTemplate":"https:\/\/b2bbeautyequipment.com\/?s={search_term_string}"},"query-input":{"@type":"PropertyValueSpecification","valueRequired":true,"valueName":"search_term_string"}}],"inLanguage":"es-ES"}]}},"_links":{"self":[{"href":"https:\/\/b2bbeautyequipment.com\/es\/wp-json\/wp\/v2\/pages\/1387","targetHints":{"allow":["GET"]}}],"collection":[{"href":"https:\/\/b2bbeautyequipment.com\/es\/wp-json\/wp\/v2\/pages"}],"about":[{"href":"https:\/\/b2bbeautyequipment.com\/es\/wp-json\/wp\/v2\/types\/page"}],"author":[{"embeddable":true,"href":"https:\/\/b2bbeautyequipment.com\/es\/wp-json\/wp\/v2\/users\/1"}],"replies":[{"embeddable":true,"href":"https:\/\/b2bbeautyequipment.com\/es\/wp-json\/wp\/v2\/comments?post=1387"}],"version-history":[{"count":0,"href":"https:\/\/b2bbeautyequipment.com\/es\/wp-json\/wp\/v2\/pages\/1387\/revisions"}],"wp:attachment":[{"href":"https:\/\/b2bbeautyequipment.com\/es\/wp-json\/wp\/v2\/media?parent=1387"}],"curies":[{"name":"wp","href":"https:\/\/api.w.org\/{rel}","templated":true}]}}